{"id":1197,"date":"2012-09-15T14:05:28","date_gmt":"2012-09-15T12:05:28","guid":{"rendered":"http:\/\/chico.fr\/chicowp\/?page_id=964"},"modified":"2012-11-08T09:48:31","modified_gmt":"2012-11-08T08:48:31","slug":"les-amis-les-rencontres","status":"publish","type":"page","link":"http:\/\/chico.fr\/chicowp\/les-amis-les-rencontres\/","title":{"rendered":"Les Amis, les Rencontres"},"content":{"rendered":"<p style=\"text-align: center;\">Au gr\u00e9 des \u00e9v\u00e8nements d&rsquo;une vie peu commune , Chico a eu la chance, comme il dit lui-m\u00eame, de faire des rencontres, devenues parfois des amis :<\/p>\n<p>&nbsp;<\/p>\n<p><a href=\"http:\/\/chico.fr\/chicowp\/wp-content\/uploads\/2012\/09\/CHI1.jpg\"><img decoding=\"async\" loading=\"lazy\" class=\"size-large wp-image-1286 aligncenter\" title=\"CHI\" src=\"http:\/\/chico.fr\/chicowp\/wp-content\/uploads\/2012\/09\/CHI1-1024x137.jpg\" alt=\"\" width=\"1024\" height=\"137\" srcset=\"http:\/\/chico.fr\/chicowp\/wp-content\/uploads\/2012\/09\/CHI1-1024x137.jpg 1024w, http:\/\/chico.fr\/chicowp\/wp-content\/uploads\/2012\/09\/CHI1-300x40.jpg 300w\" sizes=\"(max-width: 1024px) 100vw, 1024px\" \/><\/a><\/p>\n<p>&nbsp;<\/p>\n<p>&nbsp;<\/p>\n<p><a href=\"http:\/\/chico.fr\/chicowp\/wp-content\/uploads\/2012\/09\/montage-archive.jpg\"><img decoding=\"async\" loading=\"lazy\" class=\"size-large wp-image-1463 aligncenter\" title=\"montage archive\" src=\"http:\/\/chico.fr\/chicowp\/wp-content\/uploads\/2012\/09\/montage-archive-748x1024.jpg\" alt=\"\" width=\"748\" height=\"1024\" srcset=\"http:\/\/chico.fr\/chicowp\/wp-content\/uploads\/2012\/09\/montage-archive-748x1024.jpg 748w, http:\/\/chico.fr\/chicowp\/wp-content\/uploads\/2012\/09\/montage-archive-219x300.jpg 219w, http:\/\/chico.fr\/chicowp\/wp-content\/uploads\/2012\/09\/montage-archive.jpg 1532w\" sizes=\"(max-width: 748px) 100vw, 748px\" \/><\/a><\/p>\n","protected":false},"excerpt":{"rendered":"<p>Au gr\u00e9 des \u00e9v\u00e8nements d&rsquo;une vie peu commune , Chico a eu la chance, comme il dit lui-m\u00eame, de faire des rencontres, devenues parfois des amis : &nbsp;&#8230;<\/p>\n","protected":false},"author":4,"featured_media":0,"parent":0,"menu_order":0,"comment_status":"open","ping_status":"open","template":"page-full.php","meta":{"ngg_post_thumbnail":0},"aioseo_notices":[],"_links":{"self":[{"href":"http:\/\/chico.fr\/chicowp\/wp-json\/wp\/v2\/pages\/1197"}],"collection":[{"href":"http:\/\/chico.fr\/chicowp\/wp-json\/wp\/v2\/pages"}],"about":[{"href":"http:\/\/chico.fr\/chicowp\/wp-json\/wp\/v2\/types\/page"}],"author":[{"embeddable":true,"href":"http:\/\/chico.fr\/chicowp\/wp-json\/wp\/v2\/users\/4"}],"replies":[{"embeddable":true,"href":"http:\/\/chico.fr\/chicowp\/wp-json\/wp\/v2\/comments?post=1197"}],"version-history":[{"count":14,"href":"http:\/\/chico.fr\/chicowp\/wp-json\/wp\/v2\/pages\/1197\/revisions"}],"predecessor-version":[{"id":1289,"href":"http:\/\/chico.fr\/chicowp\/wp-json\/wp\/v2\/pages\/1197\/revisions\/1289"}],"wp:attachment":[{"href":"http:\/\/chico.fr\/chicowp\/wp-json\/wp\/v2\/media?parent=1197"}],"curies":[{"name":"wp","href":"https:\/\/api.w.org\/{rel}","templated":true}]}}