{"id":1200,"date":"2012-09-15T14:33:59","date_gmt":"2012-09-15T12:33:59","guid":{"rendered":"http:\/\/chico.fr\/chicowp\/?page_id=1018"},"modified":"2012-11-06T17:18:39","modified_gmt":"2012-11-06T16:18:39","slug":"gipsy-kings","status":"publish","type":"page","link":"http:\/\/chico.fr\/chicowp\/gipsy-kings\/","title":{"rendered":"Gipsy Kings"},"content":{"rendered":"<p style=\"text-align: center;\"><strong>Les Gipsy Kings<\/strong><\/p>\n<p style=\"text-align: center;\"><strong>Chico, ex leader et fondateur des Gipsy Kings fait partie<\/strong><br \/>\n<strong> des l\u00e9gendes de la musique.<\/strong><\/p>\n<p><center><a href=\"http:\/\/chico.fr\/chicowp\/wp-content\/uploads\/2012\/07\/GypsyKings1989.jpg\"><img decoding=\"async\" loading=\"lazy\" class=\"alignnone  wp-image-856\" title=\"GypsyKings1989\" src=\"http:\/\/chico.fr\/chicowp\/wp-content\/uploads\/2012\/07\/GypsyKings1989-300x213.jpg\" alt=\"\" width=\"281\" height=\"199\" \/><\/a> <a href=\"http:\/\/chico.fr\/chicowp\/wp-content\/uploads\/2012\/07\/GypsyKings1990USA.jpg\"><img decoding=\"async\" loading=\"lazy\" class=\"alignnone size-medium wp-image-857\" title=\"GypsyKings1990USA\" src=\"http:\/\/chico.fr\/chicowp\/wp-content\/uploads\/2012\/07\/GypsyKings1990USA-300x201.jpg\" alt=\"\" width=\"300\" height=\"201\" \/><\/a><\/center><strong>Avec plus de 30 disques d&rsquo;or et 10 de platine, co-auteur et compositeur de titres plan\u00e9taire tels que Bamboleo, Djobi Djoba, Ben Ben Maria, etc&#8230; Chico et ses amis Gitans ont fait danser la plan\u00e8te enti\u00e8re, avec plus de 20 millions d&rsquo;albums vendus.<\/strong><\/p>\n<p style=\"text-align: justify;\">D\u00e8s la fin des ann\u00e9es 70, Brigitte Bardot fait de ce groupe, symbole de la f\u00eate, ses musiciens f\u00e9tiches, animateurs de ses anniversaires avec qui elle aimait aller danser sur les plages ou chez des amis.<br \/>\nLes invitations pour animer des soir\u00e9es priv\u00e9es dans des pays dont ils ne soup\u00e7onnaient m\u00eame pas l\u2019existence se succ\u00e9d\u00e8rent&#8230; Les Gipsies d\u00e9pass\u00e8rent ainsi les limites de Saint-Tropez pour aller amuser les rois, les princes et les grandes vedettes du show-biz partout dans le monde, avec au bout, l\u2019\u00e9norme succ\u00e8s que tout le monde conna\u00eet.<\/p>\n<p>1991\/92 : le groupe Gipsy Kings \u00e9clate, \u00a0Chico remonte un groupe \u00ab\u00a0<strong>Chico &amp; the Gypsies<\/strong>\u00a0\u00bb et reprend la route\u2026<\/p>\n<p><a href=\"http:\/\/chico.fr\/chicowp\/wp-content\/uploads\/2012\/07\/GypsyKings1990USA.jpg\">\n\t\t<style type=\"text\/css\">\n\t\t\t#gallery-1 {\n\t\t\t\tmargin: auto;\n\t\t\t}\n\t\t\t#gallery-1 .gallery-item {\n\t\t\t\tfloat: left;\n\t\t\t\tmargin-top: 10px;\n\t\t\t\ttext-align: center;\n\t\t\t\twidth: 33%;\n\t\t\t}\n\t\t\t#gallery-1 img {\n\t\t\t\tborder: 2px solid #cfcfcf;\n\t\t\t}\n\t\t\t#gallery-1 .gallery-caption {\n\t\t\t\tmargin-left: 0;\n\t\t\t}\n\t\t\t\/* see gallery_shortcode() in wp-includes\/media.php *\/\n\t\t<\/style>\n\t\t<div id='gallery-1' class='gallery galleryid-1200 gallery-columns-3 gallery-size-thumbnail'><dl class='gallery-item'>\n\t\t\t<dt class='gallery-icon landscape'>\n\t\t\t\t<a href='http:\/\/chico.fr\/chicowp\/wp-content\/uploads\/2012\/09\/19821.gif'><img width=\"140\" height=\"138\" src=\"http:\/\/chico.fr\/chicowp\/wp-content\/uploads\/2012\/09\/19821.gif\" class=\"attachment-thumbnail size-thumbnail\" alt=\"\" decoding=\"async\" loading=\"lazy\" srcset=\"http:\/\/chico.fr\/chicowp\/wp-content\/uploads\/2012\/09\/19821.gif 140w, http:\/\/chico.fr\/chicowp\/wp-content\/uploads\/2012\/09\/19821-80x80.gif 80w\" sizes=\"(max-width: 140px) 100vw, 140px\" \/><\/a>\n\t\t\t<\/dt><\/dl><dl class='gallery-item'>\n\t\t\t<dt class='gallery-icon landscape'>\n\t\t\t\t<a href='http:\/\/chico.fr\/chicowp\/wp-content\/uploads\/2012\/09\/19871.jpg'><img width=\"150\" height=\"150\" src=\"http:\/\/chico.fr\/chicowp\/wp-content\/uploads\/2012\/09\/19871-150x150.jpg\" class=\"attachment-thumbnail size-thumbnail\" alt=\"\" decoding=\"async\" loading=\"lazy\" srcset=\"http:\/\/chico.fr\/chicowp\/wp-content\/uploads\/2012\/09\/19871-150x150.jpg 150w, http:\/\/chico.fr\/chicowp\/wp-content\/uploads\/2012\/09\/19871-80x80.jpg 80w\" sizes=\"(max-width: 150px) 100vw, 150px\" \/><\/a>\n\t\t\t<\/dt><\/dl><dl class='gallery-item'>\n\t\t\t<dt class='gallery-icon landscape'>\n\t\t\t\t<a href='http:\/\/chico.fr\/chicowp\/wp-content\/uploads\/2012\/09\/1988.jpg'><img width=\"150\" height=\"150\" src=\"http:\/\/chico.fr\/chicowp\/wp-content\/uploads\/2012\/09\/1988-150x150.jpg\" class=\"attachment-thumbnail size-thumbnail\" alt=\"\" decoding=\"async\" loading=\"lazy\" srcset=\"http:\/\/chico.fr\/chicowp\/wp-content\/uploads\/2012\/09\/1988-150x150.jpg 150w, http:\/\/chico.fr\/chicowp\/wp-content\/uploads\/2012\/09\/1988-80x80.jpg 80w\" sizes=\"(max-width: 150px) 100vw, 150px\" \/><\/a>\n\t\t\t<\/dt><\/dl><br style=\"clear: both\" \/><dl class='gallery-item'>\n\t\t\t<dt class='gallery-icon landscape'>\n\t\t\t\t<a href='http:\/\/chico.fr\/chicowp\/wp-content\/uploads\/2012\/09\/Allegria1982.gif'><img width=\"140\" height=\"138\" src=\"http:\/\/chico.fr\/chicowp\/wp-content\/uploads\/2012\/09\/Allegria1982.gif\" class=\"attachment-thumbnail size-thumbnail\" alt=\"\" decoding=\"async\" loading=\"lazy\" srcset=\"http:\/\/chico.fr\/chicowp\/wp-content\/uploads\/2012\/09\/Allegria1982.gif 140w, http:\/\/chico.fr\/chicowp\/wp-content\/uploads\/2012\/09\/Allegria1982-80x80.gif 80w\" sizes=\"(max-width: 140px) 100vw, 140px\" \/><\/a>\n\t\t\t<\/dt><\/dl><dl class='gallery-item'>\n\t\t\t<dt class='gallery-icon portrait'>\n\t\t\t\t<a href='http:\/\/chico.fr\/chicowp\/wp-content\/uploads\/2012\/09\/gypsyor.jpg'><img width=\"150\" height=\"150\" src=\"http:\/\/chico.fr\/chicowp\/wp-content\/uploads\/2012\/09\/gypsyor-150x150.jpg\" class=\"attachment-thumbnail size-thumbnail\" alt=\"\" decoding=\"async\" loading=\"lazy\" srcset=\"http:\/\/chico.fr\/chicowp\/wp-content\/uploads\/2012\/09\/gypsyor-150x150.jpg 150w, http:\/\/chico.fr\/chicowp\/wp-content\/uploads\/2012\/09\/gypsyor-80x80.jpg 80w\" sizes=\"(max-width: 150px) 100vw, 150px\" \/><\/a>\n\t\t\t<\/dt><\/dl><dl class='gallery-item'>\n\t\t\t<dt class='gallery-icon portrait'>\n\t\t\t\t<a href='http:\/\/chico.fr\/chicowp\/wp-content\/uploads\/2012\/09\/gypsyor2.jpg'><img width=\"150\" height=\"150\" src=\"http:\/\/chico.fr\/chicowp\/wp-content\/uploads\/2012\/09\/gypsyor2-150x150.jpg\" class=\"attachment-thumbnail size-thumbnail\" alt=\"\" decoding=\"async\" loading=\"lazy\" srcset=\"http:\/\/chico.fr\/chicowp\/wp-content\/uploads\/2012\/09\/gypsyor2-150x150.jpg 150w, http:\/\/chico.fr\/chicowp\/wp-content\/uploads\/2012\/09\/gypsyor2-80x80.jpg 80w\" sizes=\"(max-width: 150px) 100vw, 150px\" \/><\/a>\n\t\t\t<\/dt><\/dl><br style=\"clear: both\" \/><dl class='gallery-item'>\n\t\t\t<dt class='gallery-icon portrait'>\n\t\t\t\t<a href='http:\/\/chico.fr\/chicowp\/wp-content\/uploads\/2012\/09\/gypsyor3.jpg'><img width=\"137\" height=\"150\" src=\"http:\/\/chico.fr\/chicowp\/wp-content\/uploads\/2012\/09\/gypsyor3-137x150.jpg\" class=\"attachment-thumbnail size-thumbnail\" alt=\"\" decoding=\"async\" loading=\"lazy\" \/><\/a>\n\t\t\t<\/dt><\/dl><dl class='gallery-item'>\n\t\t\t<dt class='gallery-icon landscape'>\n\t\t\t\t<a href='http:\/\/chico.fr\/chicowp\/wp-content\/uploads\/2012\/09\/luna19901.jpg'><img width=\"85\" height=\"85\" src=\"http:\/\/chico.fr\/chicowp\/wp-content\/uploads\/2012\/09\/luna19901.jpg\" class=\"attachment-thumbnail size-thumbnail\" alt=\"\" decoding=\"async\" loading=\"lazy\" srcset=\"http:\/\/chico.fr\/chicowp\/wp-content\/uploads\/2012\/09\/luna19901.jpg 85w, http:\/\/chico.fr\/chicowp\/wp-content\/uploads\/2012\/09\/luna19901-80x80.jpg 80w\" sizes=\"(max-width: 85px) 100vw, 85px\" \/><\/a>\n\t\t\t<\/dt><\/dl><dl class='gallery-item'>\n\t\t\t<dt class='gallery-icon landscape'>\n\t\t\t\t<a href='http:\/\/chico.fr\/chicowp\/wp-content\/uploads\/2012\/09\/mosaique19891.jpg'><img width=\"150\" height=\"150\" src=\"http:\/\/chico.fr\/chicowp\/wp-content\/uploads\/2012\/09\/mosaique19891-150x150.jpg\" class=\"attachment-thumbnail size-thumbnail\" alt=\"\" decoding=\"async\" loading=\"lazy\" srcset=\"http:\/\/chico.fr\/chicowp\/wp-content\/uploads\/2012\/09\/mosaique19891-150x150.jpg 150w, http:\/\/chico.fr\/chicowp\/wp-content\/uploads\/2012\/09\/mosaique19891-220x220.jpg 220w, http:\/\/chico.fr\/chicowp\/wp-content\/uploads\/2012\/09\/mosaique19891-80x80.jpg 80w, http:\/\/chico.fr\/chicowp\/wp-content\/uploads\/2012\/09\/mosaique19891.jpg 240w\" sizes=\"(max-width: 150px) 100vw, 150px\" \/><\/a>\n\t\t\t<\/dt><\/dl><br style=\"clear: both\" \/><dl class='gallery-item'>\n\t\t\t<dt class='gallery-icon portrait'>\n\t\t\t\t<a href='http:\/\/chico.fr\/chicowp\/wp-content\/uploads\/2012\/09\/PHgitanpoete.jpg'><img width=\"150\" height=\"150\" src=\"http:\/\/chico.fr\/chicowp\/wp-content\/uploads\/2012\/09\/PHgitanpoete-150x150.jpg\" class=\"attachment-thumbnail size-thumbnail\" alt=\"\" decoding=\"async\" loading=\"lazy\" srcset=\"http:\/\/chico.fr\/chicowp\/wp-content\/uploads\/2012\/09\/PHgitanpoete-150x150.jpg 150w, http:\/\/chico.fr\/chicowp\/wp-content\/uploads\/2012\/09\/PHgitanpoete-220x220.jpg 220w, http:\/\/chico.fr\/chicowp\/wp-content\/uploads\/2012\/09\/PHgitanpoete-80x80.jpg 80w\" sizes=\"(max-width: 150px) 100vw, 150px\" \/><\/a>\n\t\t\t<\/dt><\/dl><dl class='gallery-item'>\n\t\t\t<dt class='gallery-icon portrait'>\n\t\t\t\t<a href='http:\/\/chico.fr\/chicowp\/wp-content\/uploads\/2012\/09\/platine-gipsy.jpg'><img width=\"150\" height=\"150\" src=\"http:\/\/chico.fr\/chicowp\/wp-content\/uploads\/2012\/09\/platine-gipsy-150x150.jpg\" class=\"attachment-thumbnail size-thumbnail\" alt=\"\" decoding=\"async\" loading=\"lazy\" srcset=\"http:\/\/chico.fr\/chicowp\/wp-content\/uploads\/2012\/09\/platine-gipsy-150x150.jpg 150w, http:\/\/chico.fr\/chicowp\/wp-content\/uploads\/2012\/09\/platine-gipsy-80x80.jpg 80w\" sizes=\"(max-width: 150px) 100vw, 150px\" \/><\/a>\n\t\t\t<\/dt><\/dl><dl class='gallery-item'>\n\t\t\t<dt class='gallery-icon landscape'>\n\t\t\t\t<a href='http:\/\/chico.fr\/chicowp\/wp-content\/uploads\/2012\/09\/poc101.jpg'><img width=\"150\" height=\"150\" src=\"http:\/\/chico.fr\/chicowp\/wp-content\/uploads\/2012\/09\/poc101-150x150.jpg\" class=\"attachment-thumbnail size-thumbnail\" alt=\"\" decoding=\"async\" loading=\"lazy\" srcset=\"http:\/\/chico.fr\/chicowp\/wp-content\/uploads\/2012\/09\/poc101-150x150.jpg 150w, http:\/\/chico.fr\/chicowp\/wp-content\/uploads\/2012\/09\/poc101-80x80.jpg 80w\" sizes=\"(max-width: 150px) 100vw, 150px\" \/><\/a>\n\t\t\t<\/dt><\/dl><br style=\"clear: both\" \/><dl class='gallery-item'>\n\t\t\t<dt class='gallery-icon landscape'>\n\t\t\t\t<a href='http:\/\/chico.fr\/chicowp\/wp-content\/uploads\/2012\/09\/poc11.jpg'><img width=\"150\" height=\"150\" src=\"http:\/\/chico.fr\/chicowp\/wp-content\/uploads\/2012\/09\/poc11-150x150.jpg\" class=\"attachment-thumbnail size-thumbnail\" alt=\"\" decoding=\"async\" loading=\"lazy\" srcset=\"http:\/\/chico.fr\/chicowp\/wp-content\/uploads\/2012\/09\/poc11-150x150.jpg 150w, http:\/\/chico.fr\/chicowp\/wp-content\/uploads\/2012\/09\/poc11-220x220.jpg 220w, http:\/\/chico.fr\/chicowp\/wp-content\/uploads\/2012\/09\/poc11-80x80.jpg 80w\" sizes=\"(max-width: 150px) 100vw, 150px\" \/><\/a>\n\t\t\t<\/dt><\/dl><dl class='gallery-item'>\n\t\t\t<dt class='gallery-icon landscape'>\n\t\t\t\t<a href='http:\/\/chico.fr\/chicowp\/wp-content\/uploads\/2012\/09\/poc4.jpg'><img width=\"150\" height=\"150\" src=\"http:\/\/chico.fr\/chicowp\/wp-content\/uploads\/2012\/09\/poc4-150x150.jpg\" class=\"attachment-thumbnail size-thumbnail\" alt=\"\" decoding=\"async\" loading=\"lazy\" srcset=\"http:\/\/chico.fr\/chicowp\/wp-content\/uploads\/2012\/09\/poc4-150x150.jpg 150w, http:\/\/chico.fr\/chicowp\/wp-content\/uploads\/2012\/09\/poc4-80x80.jpg 80w\" sizes=\"(max-width: 150px) 100vw, 150px\" \/><\/a>\n\t\t\t<\/dt><\/dl><dl class='gallery-item'>\n\t\t\t<dt class='gallery-icon landscape'>\n\t\t\t\t<a href='http:\/\/chico.fr\/chicowp\/wp-content\/uploads\/2012\/09\/poc5.jpg'><img width=\"150\" height=\"150\" src=\"http:\/\/chico.fr\/chicowp\/wp-content\/uploads\/2012\/09\/poc5-150x150.jpg\" class=\"attachment-thumbnail size-thumbnail\" alt=\"\" decoding=\"async\" loading=\"lazy\" srcset=\"http:\/\/chico.fr\/chicowp\/wp-content\/uploads\/2012\/09\/poc5-150x150.jpg 150w, http:\/\/chico.fr\/chicowp\/wp-content\/uploads\/2012\/09\/poc5-80x80.jpg 80w, http:\/\/chico.fr\/chicowp\/wp-content\/uploads\/2012\/09\/poc5.jpg 211w\" sizes=\"(max-width: 150px) 100vw, 150px\" \/><\/a>\n\t\t\t<\/dt><\/dl><br style=\"clear: both\" \/><dl class='gallery-item'>\n\t\t\t<dt class='gallery-icon landscape'>\n\t\t\t\t<a href='http:\/\/chico.fr\/chicowp\/wp-content\/uploads\/2012\/09\/poc81.jpg'><img width=\"150\" height=\"150\" src=\"http:\/\/chico.fr\/chicowp\/wp-content\/uploads\/2012\/09\/poc81-150x150.jpg\" class=\"attachment-thumbnail size-thumbnail\" alt=\"\" decoding=\"async\" loading=\"lazy\" srcset=\"http:\/\/chico.fr\/chicowp\/wp-content\/uploads\/2012\/09\/poc81-150x150.jpg 150w, http:\/\/chico.fr\/chicowp\/wp-content\/uploads\/2012\/09\/poc81-80x80.jpg 80w\" sizes=\"(max-width: 150px) 100vw, 150px\" \/><\/a>\n\t\t\t<\/dt><\/dl><dl class='gallery-item'>\n\t\t\t<dt class='gallery-icon landscape'>\n\t\t\t\t<a href='http:\/\/chico.fr\/chicowp\/wp-content\/uploads\/2012\/09\/poc9.jpg'><img width=\"150\" height=\"150\" src=\"http:\/\/chico.fr\/chicowp\/wp-content\/uploads\/2012\/09\/poc9-150x150.jpg\" class=\"attachment-thumbnail size-thumbnail\" alt=\"\" decoding=\"async\" loading=\"lazy\" srcset=\"http:\/\/chico.fr\/chicowp\/wp-content\/uploads\/2012\/09\/poc9-150x150.jpg 150w, http:\/\/chico.fr\/chicowp\/wp-content\/uploads\/2012\/09\/poc9-80x80.jpg 80w\" sizes=\"(max-width: 150px) 100vw, 150px\" \/><\/a>\n\t\t\t<\/dt><\/dl>\n\t\t\t<br style='clear: both' \/>\n\t\t<\/div>\n<\/p>\n<p><\/a><\/p>\n<p>&nbsp;<\/p>\n","protected":false},"excerpt":{"rendered":"<p>Les Gipsy Kings Chico, ex leader et fondateur des Gipsy Kings fait partie des l\u00e9gendes de la musique. Avec plus de 30 disques d&rsquo;or et 10 de platine,&#8230;<\/p>\n","protected":false},"author":4,"featured_media":0,"parent":0,"menu_order":0,"comment_status":"open","ping_status":"open","template":"page-full.php","meta":{"ngg_post_thumbnail":0},"aioseo_notices":[],"_links":{"self":[{"href":"http:\/\/chico.fr\/chicowp\/wp-json\/wp\/v2\/pages\/1200"}],"collection":[{"href":"http:\/\/chico.fr\/chicowp\/wp-json\/wp\/v2\/pages"}],"about":[{"href":"http:\/\/chico.fr\/chicowp\/wp-json\/wp\/v2\/types\/page"}],"author":[{"embeddable":true,"href":"http:\/\/chico.fr\/chicowp\/wp-json\/wp\/v2\/users\/4"}],"replies":[{"embeddable":true,"href":"http:\/\/chico.fr\/chicowp\/wp-json\/wp\/v2\/comments?post=1200"}],"version-history":[{"count":2,"href":"http:\/\/chico.fr\/chicowp\/wp-json\/wp\/v2\/pages\/1200\/revisions"}],"predecessor-version":[{"id":1333,"href":"http:\/\/chico.fr\/chicowp\/wp-json\/wp\/v2\/pages\/1200\/revisions\/1333"}],"wp:attachment":[{"href":"http:\/\/chico.fr\/chicowp\/wp-json\/wp\/v2\/media?parent=1200"}],"curies":[{"name":"wp","href":"https:\/\/api.w.org\/{rel}","templated":true}]}}