{"id":1218,"date":"2012-10-03T19:40:21","date_gmt":"2012-10-03T17:40:21","guid":{"rendered":"http:\/\/chico.fr\/chicowp\/?page_id=1132"},"modified":"2012-11-07T18:07:23","modified_gmt":"2012-11-07T17:07:23","slug":"le-patio-de-camargue","status":"publish","type":"page","link":"http:\/\/chico.fr\/chicowp\/le-patio-de-camargue\/","title":{"rendered":"Le Patio de Camargue"},"content":{"rendered":"<p><a href=\"http:\/\/chico.fr\/chicowp\/wp-content\/uploads\/2012\/10\/diapo1.jpg\"><img decoding=\"async\" loading=\"lazy\" class=\"size-full wp-image-1454 aligncenter\" title=\"diapo1\" src=\"http:\/\/chico.fr\/chicowp\/wp-content\/uploads\/2012\/10\/diapo1.jpg\" alt=\"\" width=\"799\" height=\"130\" srcset=\"http:\/\/chico.fr\/chicowp\/wp-content\/uploads\/2012\/10\/diapo1.jpg 799w, http:\/\/chico.fr\/chicowp\/wp-content\/uploads\/2012\/10\/diapo1-300x48.jpg 300w\" sizes=\"(max-width: 799px) 100vw, 799px\" \/><\/a><\/p>\n<p><strong>Au c\u0153ur de la Camargue en Arles, le Patio de Camargue, hacienda de Chico, fondateur des Gipsy Kings et leader du groupe Chico &amp; the Gypsies, vous invite dans son cadre exceptionnel de 3 hectares sur les bords du Rh\u00f4ne.<\/strong><\/p>\n<p><strong>Espace d\u2019accueil et de r\u00e9ception, \u00ab\u00a0El Patio\u00a0\u00bb vous offre ses soir\u00e9es illumin\u00e9es de braseros et rythm\u00e9es par le son des guitares gypsies.<\/strong><\/p>\n<p><strong>Professionnels du tourisme, comit\u00e9s d\u2019entreprise, associations, agences \u00e9v\u00e8nementielles, organisateurs de s\u00e9minaires, particuliers, cette Hacienda sera la v\u00f4tre le temps d\u2019une \u00ab\u00a0Fiesta gitane\u00a0\u00bb inoubliable.<\/strong><\/p>\n<p><iframe loading=\"lazy\" src=\"http:\/\/www.youtube.com\/embed\/GLgEZ0JHTnc?\" frameborder=\"0\" width=\"560\" height=\"315\"><\/iframe><\/p>\n<p><strong>Bref historique\u2026<\/strong><\/p>\n<p>En 1995, Chico ach\u00e8te la friche industrielle de l\u2019ancien chantier naval de Barriol pour y stationner les roulottes qu\u2019il affectionne tout particuli\u00e8rement. De par son emplacement id\u00e9alement situ\u00e9 en bordure du Rh\u00f4ne, il d\u00e9cide de transformer ce site abandonn\u00e9 en un lieu de vie et de f\u00eates\u2026 de son g\u00e9nie cr\u00e9atif, trois salles au caract\u00e8re original et unique voient le jour.<\/p>\n<p>15 ans apr\u00e8s, le Patio de Camargue accueille toujours dans la m\u00eame bonne humeur et la m\u00eame convivialit\u00e9 les aficionados de la musique gipsy et autres \u00ab\u00a0nomades\u00a0\u00bb de passage.<\/p>\n<p>&nbsp;<\/p>\n<p><a href=\"http:\/\/chico.fr\/chicowp\/wp-content\/uploads\/2012\/10\/diapo5.jpg\"><img decoding=\"async\" loading=\"lazy\" class=\"size-large wp-image-1455 aligncenter\" title=\"diapo5\" src=\"http:\/\/chico.fr\/chicowp\/wp-content\/uploads\/2012\/10\/diapo5-1024x168.jpg\" alt=\"\" width=\"1024\" height=\"168\" srcset=\"http:\/\/chico.fr\/chicowp\/wp-content\/uploads\/2012\/10\/diapo5-1024x168.jpg 1024w, http:\/\/chico.fr\/chicowp\/wp-content\/uploads\/2012\/10\/diapo5-300x49.jpg 300w, http:\/\/chico.fr\/chicowp\/wp-content\/uploads\/2012\/10\/diapo5.jpg 1396w\" sizes=\"(max-width: 1024px) 100vw, 1024px\" \/><\/a><\/p>\n<p style=\"text-align: center;\">Patio de Camargue &#8211; D\u00e9jeuners et D\u00eeners &#8211; Spectacles &#8211; Accueil de groupes &#8211; Location de salles<br \/>\n49 chemin Barriol &#8211; 13200 Arles &#8211; Tel : 04 90 49 51 76 &#8211; Fax : 04 90 49 51 83<br \/>\n<a href=\"mailto:info@patiodecamargue.com\">info@patiodecamargue.com<\/a>\u00a0\u00a0\u00a0\u00a0\u00a0\u00a0\u00a0 <a href=\"http:\/\/www.patiodecamargue.com\">www.patiodecamargue.com<\/a><\/p>\n","protected":false},"excerpt":{"rendered":"<p>Au c\u0153ur de la Camargue en Arles, le Patio de Camargue, hacienda de Chico, fondateur des Gipsy Kings et leader du groupe Chico &amp; the Gypsies, vous invite&#8230;<\/p>\n","protected":false},"author":4,"featured_media":0,"parent":0,"menu_order":0,"comment_status":"open","ping_status":"open","template":"","meta":{"ngg_post_thumbnail":0},"aioseo_notices":[],"_links":{"self":[{"href":"http:\/\/chico.fr\/chicowp\/wp-json\/wp\/v2\/pages\/1218"}],"collection":[{"href":"http:\/\/chico.fr\/chicowp\/wp-json\/wp\/v2\/pages"}],"about":[{"href":"http:\/\/chico.fr\/chicowp\/wp-json\/wp\/v2\/types\/page"}],"author":[{"embeddable":true,"href":"http:\/\/chico.fr\/chicowp\/wp-json\/wp\/v2\/users\/4"}],"replies":[{"embeddable":true,"href":"http:\/\/chico.fr\/chicowp\/wp-json\/wp\/v2\/comments?post=1218"}],"version-history":[{"count":7,"href":"http:\/\/chico.fr\/chicowp\/wp-json\/wp\/v2\/pages\/1218\/revisions"}],"predecessor-version":[{"id":1453,"href":"http:\/\/chico.fr\/chicowp\/wp-json\/wp\/v2\/pages\/1218\/revisions\/1453"}],"wp:attachment":[{"href":"http:\/\/chico.fr\/chicowp\/wp-json\/wp\/v2\/media?parent=1218"}],"curies":[{"name":"wp","href":"https:\/\/api.w.org\/{rel}","templated":true}]}}